{"id":40,"date":"2020-11-24T19:08:32","date_gmt":"2020-11-24T18:08:32","guid":{"rendered":"http:\/\/fmhi.de\/wordpress\/?page_id=40"},"modified":"2025-09-21T14:23:15","modified_gmt":"2025-09-21T12:23:15","slug":"die-menschen","status":"publish","type":"page","link":"https:\/\/fmhi.de\/wordpress\/die-menschen\/","title":{"rendered":"Freimaurer sein"},"content":{"rendered":"\n<p><\/p>\n\n\n\n<p class=\"has-text-align-center\"><\/p>\n\n\n\n<h2 class=\"wp-block-heading\">Freiheit, Gleichheit, Br\u00fcderlichkeit<\/h2>\n\n\n\n<p>Die Devise kennen viele als Motto der franz\u00f6sischen Revolution. Nicht zuf\u00e4llig.&nbsp; Denn obwohl Freimaurer, wie manchmal behauptet wird, die Franz\u00f6sische Revolution nicht herbeigef\u00fchrt haben, so ist mit diesem Motto doch ein wesentlicher Antrieb der fr\u00fchen Freimaurerei gut umschrieben.<br>Wir verstehen uns als freie M\u00e4nner \u2013 nur uns und unserem Gewissen gegen\u00fcber verantwortlich. Alle Menschen sind nach unserer Auffassung gleichberechtigt und erwerben weder durch Stand noch Herkunft mehr Rechte als andere.  Und wir handeln untereinander br\u00fcderlich und in Eintracht.<\/p>\n\n\n\n<h2 class=\"wp-block-heading\">Toleranz und Humanit\u00e4t<\/h2>\n\n\n\n<p>Wir \u00fcben Toleranz anders denkenden Menschen gegen\u00fcber und respektieren alle Konfessionen und Nationalit\u00e4ten als gleichwertig. Unser oberstes Ziel ist es, uns selbst zu vervollkommnen, um im Rahmen unserer jeweiligen M\u00f6glichkeiten und Talente in unserem direkten Umfeld an einer besseren und gerechteren, also letztlich einer humaneren Welt zu arbeiten. Ein Freimaurer wird Not lindern, wo er sie erkennt, und Gerechtigkeit \u00fcben, wo sie in seiner Verantwortung liegt; aber er tut dies nicht, um sich damit zu profilieren, sondern aus einem tiefen Selbstverst\u00e4ndnis heraus.<\/p>\n\n\n\n<h2 class=\"wp-block-heading\">Symbolische Arbeit am Selbst<\/h2>\n\n\n\n<p>Freimaurer nehmen sich vor, an der Vervollkommnung ihrer Pers\u00f6nlichkeit zu arbeiten. Dazu bedienen sie sich wie jeder gute Handwerker bestimmter Werkzeuge und Hilfsmittel, auch wenn diese \u2013 wie vieles andere auch \u2013 bei uns nur noch symbolische und \u00fcbertragene Bedeutung haben.<\/p>\n\n\n\n<h2 class=\"wp-block-heading\">Verschwiegenheit und Diskretion<\/h2>\n\n\n\n<p>Die Dinge, die wir in der Loge miteinander reden und tun, sind weder anr\u00fcchig noch suspekt. Aber sie sind oft sehr pers\u00f6nlich und finden in einem geschlossenen Raum statt. Wir lassen die Welt und ihr Getriebe bewusst vor der T\u00fcr und nehmen nur Menschen in unsere Mitte, die es ebenso halten und von denen wir das Vertrauen erwarten k\u00f6nnen, das wir selbst zu geben bereit sind.&nbsp;<\/p>\n\n\n\n<p><\/p>\n\n\n\n<p><a href=\"https:\/\/fmhi.de\/wordpress\/wp-content\/uploads\/2025\/09\/flyer_FM_2025.pdf\"><strong>Hier<\/strong><\/a> k\u00f6nnen Sie unseren aktuellen Informationsflyer downloaden. <\/p>\n\n\n\n<p><\/p>\n\n\n\n<p class=\"has-text-align-center\"><mark style=\"background-color:rgba(0, 0, 0, 0)\" class=\"has-inline-color has-black-color\"><a href=\"https:\/\/fmhi.de\/wordpress\/302-2\/\" data-type=\"page\" data-id=\"302\"><em>&#8222;Ich dachte Freimaurer sind ein Relikt<br>aus der Vergangenheit<\/em>&#8222;<\/a><\/mark><\/p>\n","protected":false},"excerpt":{"rendered":"<p>Freiheit, Gleichheit, Br\u00fcderlichkeit Die Devise kennen viele als Motto der franz\u00f6sischen Revolution. Nicht zuf\u00e4llig.&nbsp; Denn obwohl Freimaurer, wie manchmal behauptet wird, die Franz\u00f6sische Revolution nicht herbeigef\u00fchrt haben, so ist mit diesem Motto doch ein wesentlicher Antrieb der fr\u00fchen Freimaurerei gut umschrieben.Wir verstehen uns als freie M\u00e4nner \u2013 nur uns und unserem Gewissen gegen\u00fcber verantwortlich. Alle [&hellip;]<\/p>\n","protected":false},"author":1,"featured_media":169,"parent":0,"menu_order":0,"comment_status":"closed","ping_status":"closed","template":"","meta":{"footnotes":""},"class_list":["post-40","page","type-page","status-publish","has-post-thumbnail","hentry"],"_links":{"self":[{"href":"https:\/\/fmhi.de\/wordpress\/wp-json\/wp\/v2\/pages\/40","targetHints":{"allow":["GET"]}}],"collection":[{"href":"https:\/\/fmhi.de\/wordpress\/wp-json\/wp\/v2\/pages"}],"about":[{"href":"https:\/\/fmhi.de\/wordpress\/wp-json\/wp\/v2\/types\/page"}],"author":[{"embeddable":true,"href":"https:\/\/fmhi.de\/wordpress\/wp-json\/wp\/v2\/users\/1"}],"replies":[{"embeddable":true,"href":"https:\/\/fmhi.de\/wordpress\/wp-json\/wp\/v2\/comments?post=40"}],"version-history":[{"count":28,"href":"https:\/\/fmhi.de\/wordpress\/wp-json\/wp\/v2\/pages\/40\/revisions"}],"predecessor-version":[{"id":381,"href":"https:\/\/fmhi.de\/wordpress\/wp-json\/wp\/v2\/pages\/40\/revisions\/381"}],"wp:featuredmedia":[{"embeddable":true,"href":"https:\/\/fmhi.de\/wordpress\/wp-json\/wp\/v2\/media\/169"}],"wp:attachment":[{"href":"https:\/\/fmhi.de\/wordpress\/wp-json\/wp\/v2\/media?parent=40"}],"curies":[{"name":"wp","href":"https:\/\/api.w.org\/{rel}","templated":true}]}}