{"id":35,"date":"2020-11-24T19:02:42","date_gmt":"2020-11-24T18:02:42","guid":{"rendered":"http:\/\/fmhi.de\/wordpress\/?page_id=35"},"modified":"2025-03-27T17:56:06","modified_gmt":"2025-03-27T16:56:06","slug":"freimaurerei","status":"publish","type":"page","link":"https:\/\/fmhi.de\/wordpress\/freimaurerei\/","title":{"rendered":"Freimaurerei"},"content":{"rendered":"\n<p>Freimaurerei, auch K\u00f6nigliche Kunst genannt, versteht sich als ethischer Bund freier Menschen mit der \u00dcberzeugung, dass die st\u00e4ndige Arbeit an sich selbst zu Selbsterkenntnis und einem menschlicheren Verhalten f\u00fchrt.  Die Freimaurer organisieren sich in sogenannten Logen.<\/p>\n\n\n<div class=\"wp-block-image\">\n<figure class=\"alignright size-full is-resized\"><a href=\"http:\/\/fmhi.de\/wordpress\/wp-content\/uploads\/2021\/10\/masonic-264085_640.jpg\"><img loading=\"lazy\" decoding=\"async\" width=\"640\" height=\"426\" src=\"http:\/\/fmhi.de\/wordpress\/wp-content\/uploads\/2021\/10\/masonic-264085_640.jpg\" alt=\"\" class=\"wp-image-221\" style=\"width:530px;height:353px\" srcset=\"https:\/\/fmhi.de\/wordpress\/wp-content\/uploads\/2021\/10\/masonic-264085_640.jpg 640w, https:\/\/fmhi.de\/wordpress\/wp-content\/uploads\/2021\/10\/masonic-264085_640-300x200.jpg 300w\" sizes=\"auto, (max-width: 640px) 100vw, 640px\" \/><\/a><figcaption class=\"wp-element-caption\">Der 3, hier in Form eines Dreiecks, kommt in der Freimaurerei ganz besondere Bedeutung zu.<\/figcaption><\/figure>\n<\/div>\n\n\n<p>Leider ist es mit der Freimaurerei wie mit so vielen sch\u00f6nen Dingen im Leben. Die Beschreibung eines guten Rotweins, kommt nicht ann\u00e4hernd an die Erfahrung einen Schluck des selben zu trinken. Ein Foto auf einer Wanderung in der Natur, kann nicht einfangen wie wundersch\u00f6n der Moment war. Das Erz\u00e4hlen eines Erfolgs kann nicht die Gef\u00fchle ausl\u00f6sen, die einen \u00fcberfallen haben.<\/p>\n\n\n\n<p>Wichtig zu sagen scheint mir zu allererst, dass Freimaurer keine besseren Menschen sind. Allerdings Menschen, die daran arbeiten jeden Tag ein bisschen &#8222;besser&#8220; zu werden. Mal arbeitet man intensiver, mal zur\u00fcckhaltender. Ganz entsprechend unserer Priorisierung als Freimaurer: Familie, Beruf, Freimaurerei.<\/p>\n\n\n\n<p>Das Logenleben besteht prim\u00e4r aus den Menschen, die die Bruderschaft bilden. Neben regelm\u00e4\u00dfigen Treffen mit tiefgr\u00fcndigen Gespr\u00e4chen sind da auch Termine bei denen die Lebensgef\u00e4hrtInnen dabei sind, auch eine Kanutour, Wanderung oder ein Fr\u00fchst\u00fccksbruch sind willkommene Aktivit\u00e4ten. Und dann sind da nat\u00fcrlich noch die sagenumwobenen Rituale. Ebenfalls so etwas, dass man erleben muss und nicht beschreiben kann.<\/p>\n\n\n\n<p>Eine alte englische Deutung beschreibt die Freimaurerei folgenderma\u00dfen:<\/p>\n\n\n\n<p class=\"has-text-align-center\">Daheim ist sie G\u00fcte,<br>im Gesch\u00e4ft ist sie Ehrlichkeit,<br>in Gesellschaft ist sie H\u00f6flichkeit,<br>bei der Arbeit ist sie Anst\u00e4ndigkeit!<br>F\u00fcr den Ungl\u00fccklichen ist sie Mitleid,<br>f\u00fcr den Schwachen ist sie Hilfe,<br>f\u00fcr den Starken ist sie Vertrauen.<br>Dem Gesetz gegen\u00fcber ist sie Treue,<br>gegen das Unrecht ist sie Widerstand.<br>Beim Reuigen ist sie Verzeihen,<br>f\u00fcr den Gl\u00fccklichen ist sie Mitfreude.<br>Vor Gott ist sie Ehrfurcht und Liebe.<\/p>\n\n\n\n<p><a href=\"http:\/\/fmhi.de\/wordpress\">Zur\u00fcck<\/a><\/p>\n","protected":false},"excerpt":{"rendered":"<p>Freimaurerei, auch K\u00f6nigliche Kunst genannt, versteht sich als ethischer Bund freier Menschen mit der \u00dcberzeugung, dass die st\u00e4ndige Arbeit an sich selbst zu Selbsterkenntnis und einem menschlicheren Verhalten f\u00fchrt. Die Freimaurer organisieren sich in sogenannten Logen. Leider ist es mit der Freimaurerei wie mit so vielen sch\u00f6nen Dingen im Leben. Die Beschreibung eines guten Rotweins, [&hellip;]<\/p>\n","protected":false},"author":1,"featured_media":130,"parent":0,"menu_order":0,"comment_status":"closed","ping_status":"closed","template":"","meta":{"footnotes":""},"class_list":["post-35","page","type-page","status-publish","has-post-thumbnail","hentry"],"_links":{"self":[{"href":"https:\/\/fmhi.de\/wordpress\/wp-json\/wp\/v2\/pages\/35","targetHints":{"allow":["GET"]}}],"collection":[{"href":"https:\/\/fmhi.de\/wordpress\/wp-json\/wp\/v2\/pages"}],"about":[{"href":"https:\/\/fmhi.de\/wordpress\/wp-json\/wp\/v2\/types\/page"}],"author":[{"embeddable":true,"href":"https:\/\/fmhi.de\/wordpress\/wp-json\/wp\/v2\/users\/1"}],"replies":[{"embeddable":true,"href":"https:\/\/fmhi.de\/wordpress\/wp-json\/wp\/v2\/comments?post=35"}],"version-history":[{"count":13,"href":"https:\/\/fmhi.de\/wordpress\/wp-json\/wp\/v2\/pages\/35\/revisions"}],"predecessor-version":[{"id":356,"href":"https:\/\/fmhi.de\/wordpress\/wp-json\/wp\/v2\/pages\/35\/revisions\/356"}],"wp:featuredmedia":[{"embeddable":true,"href":"https:\/\/fmhi.de\/wordpress\/wp-json\/wp\/v2\/media\/130"}],"wp:attachment":[{"href":"https:\/\/fmhi.de\/wordpress\/wp-json\/wp\/v2\/media?parent=35"}],"curies":[{"name":"wp","href":"https:\/\/api.w.org\/{rel}","templated":true}]}}