{"id":302,"date":"2024-01-07T18:22:22","date_gmt":"2024-01-07T17:22:22","guid":{"rendered":"https:\/\/fmhi.de\/wordpress\/?page_id=302"},"modified":"2024-12-19T13:30:01","modified_gmt":"2024-12-19T12:30:01","slug":"302-2","status":"publish","type":"page","link":"https:\/\/fmhi.de\/wordpress\/302-2\/","title":{"rendered":""},"content":{"rendered":"\n<p><em>Der Bruder, der hier dankenswerterweise unsere Fragen beantwortet, m\u00f6chte nicht \u00f6ffentlich als Freimaurer erkannt werden. <\/em><\/p>\n\n\n\n<p><em>Wir nennen das &#8222;in Deckung sein&#8220;. Die Gr\u00fcnde daf\u00fcr sind vielschichtig. In diesem Fall m\u00f6chte der Bruder aus beruflichen Gr\u00fcnden nicht namentlich oder mit einem Foto erscheinen, da sich bis heute Vorurteile gegen die Freimaurerei halten.<\/em><\/p>\n\n\n\n<p><\/p>\n\n\n\n<p><\/p>\n\n\n\n<p>\u201eF\u00fcr mich hat etwas Gro\u00dfartiges begonnen, ein neuer Abschnitt von der Aufnahme in der<\/p>\n\n\n\n<p>Freimaurerei bis ans Ende aller Zeiten\u201c<\/p>\n\n\n\n<p><em>Wie bist du zur Freimaurerei gekommen?<\/em><\/p>\n\n\n\n<p>Mein Bruder, also mein leiblicher Bruder sagte mir in einem Gespr\u00e4ch, dass es auch heute noch Freimaurer gibt. Das konnte ich zun\u00e4chst erst einmal gar nicht glauben. Ich dachte bei den Freimaurern handelt es sich um ein Relikt aus der Vergangenheit. Ein Blick ins Internet sollte mich eines Besseren belehren. Ohne gro\u00dfe Suche bin ich auf die Loge in Hildesheim getroffen. Dort begann am 26.01.2017 der Weg meiner Suche.<\/p>\n\n\n\n<p><em>Was war zu Beginn der Suche pr\u00e4gend f\u00fcr dich?<\/em><\/p>\n\n\n\n<p>Bei den G\u00e4steabenden gibt es ein sogenanntes <a href=\"https:\/\/www.freimaurerei.de\/das-kerzengespraech\/\">Kerzengespr\u00e4ch<\/a>, was f\u00fcr mich eine ganz neue Art des Austausches war. Dem G\u00e4steabend einmal im Monat fieberte ich immer sehns\u00fcchtig entgegen und die Inhalte besch\u00e4ftigten mich damals wie heute noch tagelang.<\/p>\n\n\n\n<p><em>Was gef\u00e4llt dir bei den Freimaurern?<\/em><\/p>\n\n\n\n<p>Mir gef\u00e4llt besonders der Zusammenhalt und der Gedanke von Br\u00fcderlichkeit. Dar\u00fcber hinaus macht mir aber auch das Selbststudium sehr viel Freude und bringt mir jeden Tag etwas mehr Licht ins Dunkel. Diese Arbeit am rauen Stein ist der Kern der Freimaurerei f\u00fcr mich. Es gibt bei jedem Treffen etwas zu entdecken und es entsteht langsam ein immer gr\u00f6\u00dfer werdendes Bauwerk.<\/p>\n\n\n\n<p><em>Wor\u00fcber wird in der Loge gesprochen?<\/em><\/p>\n\n\n\n<p>Das ist nicht mit einem Satz gesagt. Es ist einfacher zu sagen wor\u00fcber ich nicht in der Loge spreche und das ist Religion, Politik und Fu\u00dfball.<\/p>\n\n\n\n<p><em>F\u00fcr wen ist Freimaurerei etwas?<\/em><\/p>\n\n\n\n<p>F\u00fcr jeden Menschen der frei ist und einen guten Ruf hat. Aber dar\u00fcber hinaus sollte grunds\u00e4tzlich Interesse sein, sich mit sich selbst zu besch\u00e4ftigen um ein besserer Mensch zu werden. Grunds\u00e4tzlich w\u00fcrde ich das erst einmal nicht einschr\u00e4nken, ein G\u00e4steabend und ein anschlie\u00dfendes Gespr\u00e4ch gibt dem Gast Aufschluss ob die Freimaurerei etwas bereicherndes f\u00fcr sein Leben darstellen k\u00f6nnte.<\/p>\n\n\n\n<p><em>Was r\u00e4tst du einem interessierten Menschen?<\/em><\/p>\n\n\n\n<p>Einen G\u00e4steabend besuchen oder einen Spaziergang mit mir oder einem der Br\u00fcder zu machen. Bei einem Gespr\u00e4ch k\u00f6nnen dann meistens die brennendsten Fragen besprochen und oft auch beantwortet werden.<\/p>\n\n\n\n<p><a href=\"https:\/\/fmhi.de\/wordpress\">Zur\u00fcck<\/a><\/p>\n","protected":false},"excerpt":{"rendered":"<p>Der Bruder, der hier dankenswerterweise unsere Fragen beantwortet, m\u00f6chte nicht \u00f6ffentlich als Freimaurer erkannt werden. Wir nennen das &#8222;in Deckung sein&#8220;. Die Gr\u00fcnde daf\u00fcr sind vielschichtig. In diesem Fall m\u00f6chte der Bruder aus beruflichen Gr\u00fcnden nicht namentlich oder mit einem Foto erscheinen, da sich bis heute Vorurteile gegen die Freimaurerei halten. \u201eF\u00fcr mich hat etwas [&hellip;]<\/p>\n","protected":false},"author":1,"featured_media":0,"parent":0,"menu_order":0,"comment_status":"closed","ping_status":"closed","template":"","meta":{"footnotes":""},"class_list":["post-302","page","type-page","status-publish","hentry"],"_links":{"self":[{"href":"https:\/\/fmhi.de\/wordpress\/wp-json\/wp\/v2\/pages\/302","targetHints":{"allow":["GET"]}}],"collection":[{"href":"https:\/\/fmhi.de\/wordpress\/wp-json\/wp\/v2\/pages"}],"about":[{"href":"https:\/\/fmhi.de\/wordpress\/wp-json\/wp\/v2\/types\/page"}],"author":[{"embeddable":true,"href":"https:\/\/fmhi.de\/wordpress\/wp-json\/wp\/v2\/users\/1"}],"replies":[{"embeddable":true,"href":"https:\/\/fmhi.de\/wordpress\/wp-json\/wp\/v2\/comments?post=302"}],"version-history":[{"count":4,"href":"https:\/\/fmhi.de\/wordpress\/wp-json\/wp\/v2\/pages\/302\/revisions"}],"predecessor-version":[{"id":336,"href":"https:\/\/fmhi.de\/wordpress\/wp-json\/wp\/v2\/pages\/302\/revisions\/336"}],"wp:attachment":[{"href":"https:\/\/fmhi.de\/wordpress\/wp-json\/wp\/v2\/media?parent=302"}],"curies":[{"name":"wp","href":"https:\/\/api.w.org\/{rel}","templated":true}]}}