{"id":290,"date":"2023-11-15T18:53:04","date_gmt":"2023-11-15T17:53:04","guid":{"rendered":"https:\/\/fmhi.de\/wordpress\/?page_id=290"},"modified":"2026-02-03T17:51:06","modified_gmt":"2026-02-03T16:51:06","slug":"unser-arbeitsplan","status":"publish","type":"page","link":"https:\/\/fmhi.de\/wordpress\/unser-arbeitsplan\/","title":{"rendered":"Arbeitsplan 1. Halbjahr 2026"},"content":{"rendered":"\n<div class=\"wp-block-columns is-layout-flex wp-container-core-columns-is-layout-9d6595d7 wp-block-columns-is-layout-flex\">\n<div class=\"wp-block-column is-layout-flow wp-block-column-is-layout-flow\" style=\"flex-basis:100%\">\n<ul class=\"wp-block-list\">\n<li><\/li>\n<\/ul>\n<\/div>\n<\/div>\n\n\n\n<p><\/p>\n\n\n\n<figure class=\"wp-block-table\"><table class=\"has-fixed-layout\"><tbody><tr><td><strong>Februar<\/strong><\/td><td>&nbsp;<\/td><td>&nbsp;<\/td><td>&nbsp;<\/td><\/tr><tr><td>Do. 05.02.2026<\/td><td>20:00<\/td><td>Instruktionen I u II\/ Meistergespr\u00e4ch<\/td><td>durch 1 A, 2 A + Br. Redner<\/td><\/tr><tr><td>Sa. 07.02.2026<\/td><td>16:00<\/td><td>Carl Graf von Hardenberg 14\u00b0<\/td><td>Gastloge<\/td><\/tr><tr><td>Do. 12.02.2026<\/td><td>20:00<\/td><td>brdl. Abend<\/td><td>allen Metalls beraubt<\/td><\/tr><tr><td>Sa. 14.02.2026<\/td><td>11:00<\/td><td>Albert Pike<\/td><td>Gastloge<\/td><\/tr><tr><td>Do. 19.02.2026<\/td><td>20:00<\/td><td>brdl. Abend<\/td><td>Vorbereitung\/ \u00dcben Gem.Arb.<\/td><\/tr><tr><td>Do. 26.02.2026<\/td><td>&nbsp;<\/td><td>TA I&nbsp; (Gemeinschaftsarbeit)<\/td><td>Gemeinschaftsarbeit mit den Hannoverschen Lichtlogen<\/td><\/tr><\/tbody><\/table><\/figure>\n\n\n\n<p><\/p>\n\n\n\n<figure class=\"wp-block-table\"><table class=\"has-fixed-layout\"><tbody><tr><td><strong>M\u00e4rz<\/strong><\/td><td>&nbsp;<\/td><td>&nbsp;<\/td><td>&nbsp;<\/td><\/tr><tr><td>Do. 05.03.2026<\/td><td>20:00<\/td><td>G\u00e4steabend f\u00fcr geladene G\u00e4ste<\/td><td>Bereit zum Anklopfen<\/td><\/tr><tr><td>Do. 12.03.2026<\/td><td>20:00<\/td><td>brdl. Abend<\/td><td>&nbsp;<\/td><\/tr><tr><td>Do. 19.03.2026<\/td><td>20:00<\/td><td>Instruktionen I u II\/ Meistergespr\u00e4ch<\/td><td>durch 1 A, 2 A + Br. Redner<\/td><\/tr><tr><td>Do. 26.03.2026<\/td><td>20:00<\/td><td>TA I<\/td><td>Zeichnung K.R.<\/td><\/tr><\/tbody><\/table><\/figure>\n\n\n\n<p><\/p>\n\n\n\n<figure class=\"wp-block-table\"><table class=\"has-fixed-layout\"><tbody><tr><td><strong>April<\/strong><\/td><td>&nbsp;<\/td><td>&nbsp;<\/td><td>&nbsp;<\/td><\/tr><tr><td>Do. 02.04.2026<\/td><td>20.00<\/td><td>brdl. Abend<\/td><td>R\u00fcckblick auf die Zeichnung<\/td><\/tr><tr><td>Do. 09.04.2026<\/td><td>20:00<\/td><td>Beamtenrat und Vorstandssitzung<\/td><td>&nbsp;intern<\/td><\/tr><tr><td>Do. 16.04.2026<\/td><td>20:00<\/td><td>brdl. Abend<\/td><td>U. D.: der alevitische Glaube<\/td><\/tr><tr><td>Fr.\/Sa. 17.\/18.04.26<\/td><td>ganzt\u00e4gig<\/td><td>Stuhlmeistertag<\/td><td>&nbsp;intern<\/td><\/tr><tr><td>Do. 23.04.2026<\/td><td>20:00<\/td><td>G\u00e4steabend f\u00fcr geladene G\u00e4ste<\/td><td>Menschlichkeit<\/td><\/tr><tr><td>Do. 30.04.2026<\/td><td>20.00<\/td><td>TA I<\/td><td>Zeichnung M.V.<\/td><\/tr><\/tbody><\/table><\/figure>\n\n\n\n<p><\/p>\n\n\n\n<figure class=\"wp-block-table\"><table class=\"has-fixed-layout\"><tbody><tr><td><strong>Mai<\/strong><\/td><td>&nbsp;<\/td><td>&nbsp;<\/td><td>&nbsp;<\/td><\/tr><tr><td>Do. 07.05.2026<\/td><td>20:00<\/td><td>brdl. Abend<\/td><td>R\u00fcckblick auf die Zeichnung<\/td><\/tr><tr><td>Sa. 09.05.2026<\/td><td>11:00<\/td><td>Albert Pike<\/td><td>Gastloge<\/td><\/tr><tr><td>Do. 14.05.2026<\/td><td>20:00<\/td><td>Christi Himmelfahrt<\/td><td>Loge dunkel<\/td><\/tr><tr><td>Sa. 16.05.2026<\/td><td>16:00<\/td><td>Carl Graf von Hardenberg 4\u00b0<\/td><td>Gastloge<\/td><\/tr><tr><td>Do. 21.05.2026<\/td><td>20:00<\/td><td>brdl. Abend<\/td><td>&nbsp;intern<\/td><\/tr><tr><td>Do. 28.05.2026<\/td><td>11:00<\/td><td>Mitgliederversammlung<\/td><td>&nbsp;intern<\/td><\/tr><tr><td>Sa., 30.05.2026<\/td><td>ganzt\u00e4gig<\/td><td>Pr\u00e4zeptorei Scientia No. 11<\/td><td><\/td><\/tr><\/tbody><\/table><\/figure>\n\n\n\n<p><\/p>\n\n\n\n<figure class=\"wp-block-table\"><table class=\"has-fixed-layout\"><tbody><tr><td><strong>Juni<\/strong><\/td><td>&nbsp;<\/td><td>&nbsp;<\/td><td>&nbsp;<\/td><\/tr><tr><td>Do. 04.06.26<\/td><td>20:00<\/td><td>TA I<\/td><td>Zeichnung M. B.<\/td><\/tr><tr><td>Do. 11.06.26<\/td><td>20:00<\/td><td>Beamtenrat und Vorstandssitzung<\/td><td>Konstituierende Sitzung von BR und Vorstand, intern<\/td><\/tr><tr><td>Do. 18.06.26<\/td><td>20:00<\/td><td>G\u00e4steabend f\u00fcr geladene G\u00e4ste<\/td><td>Pflichten und Verbote<\/td><\/tr><tr><td>Do. 25.06.26<\/td><td>20:00<\/td><td>brdl. Abend<\/td><td>&nbsp;<\/td><\/tr><tr><td>Sa., 27.06.26<\/td><td>16.00<\/td><td>TA I&nbsp;&nbsp;<\/td><td>Johannisfest<\/td><\/tr><\/tbody><\/table><\/figure>\n\n\n\n<p><\/p>\n\n\n\n<figure class=\"wp-block-table\"><table class=\"has-fixed-layout\"><tbody><tr><td><strong>Juli<\/strong> <strong>und August<\/strong><\/td><td>&nbsp;<\/td><td>&nbsp;<\/td><td>&nbsp;<\/td><\/tr><tr><td><strong>Logenferien <\/strong><\/td><td>&nbsp;<\/td><td>&nbsp;<\/td><td>&nbsp;<\/td><\/tr><tr><td>Sa. 11.07.26<\/td><td>11.00<\/td><td>Albert Pike<\/td><td>Gastloge<\/td><\/tr><\/tbody><\/table><\/figure>\n\n\n\n<p>Stand: 20.12.2025, \u00c4nderungen und Erg\u00e4nzungen vorbehalten<\/p>\n\n\n\n<p><strong>Hinweis f\u00fcr besuchende Br\u00fcder<\/strong>: Bitte meldet Euch vor dem Besuch beim Br. Sekret\u00e4r \u00fcber sek@freimaurer-hildesheim.de an.<br><strong>Hinweis f\u00fcr G\u00e4ste: <\/strong>Falls Sie Interesse an einem Kennenlernen haben, nehmen Sie bitte zuvor Kontakt mit uns \u00fcber sek@freimaurer-hildesheim.de auf, Sie erhalten dann eine gesonderte Einladung zu einem G\u00e4steabend. Bitte beachten Sie, dass nur die mit &#8222;f\u00fcr geladene G\u00e4ste&#8220; bezeichneten Termine f\u00fcr G\u00e4ste zug\u00e4nglich sind.<\/p>\n","protected":false},"excerpt":{"rendered":"<p>Februar &nbsp; &nbsp; &nbsp; Do. 05.02.2026 20:00 Instruktionen I u II\/ Meistergespr\u00e4ch durch 1 A, 2 A + Br. Redner Sa. 07.02.2026 16:00 Carl Graf von Hardenberg 14\u00b0 Gastloge Do. 12.02.2026 20:00 brdl. Abend allen Metalls beraubt Sa. 14.02.2026 11:00 Albert Pike Gastloge Do. 19.02.2026 20:00 brdl. Abend Vorbereitung\/ \u00dcben Gem.Arb. Do. 26.02.2026 &nbsp; TA [&hellip;]<\/p>\n","protected":false},"author":1,"featured_media":0,"parent":0,"menu_order":0,"comment_status":"closed","ping_status":"closed","template":"","meta":{"footnotes":""},"class_list":["post-290","page","type-page","status-publish","hentry"],"_links":{"self":[{"href":"https:\/\/fmhi.de\/wordpress\/wp-json\/wp\/v2\/pages\/290","targetHints":{"allow":["GET"]}}],"collection":[{"href":"https:\/\/fmhi.de\/wordpress\/wp-json\/wp\/v2\/pages"}],"about":[{"href":"https:\/\/fmhi.de\/wordpress\/wp-json\/wp\/v2\/types\/page"}],"author":[{"embeddable":true,"href":"https:\/\/fmhi.de\/wordpress\/wp-json\/wp\/v2\/users\/1"}],"replies":[{"embeddable":true,"href":"https:\/\/fmhi.de\/wordpress\/wp-json\/wp\/v2\/comments?post=290"}],"version-history":[{"count":25,"href":"https:\/\/fmhi.de\/wordpress\/wp-json\/wp\/v2\/pages\/290\/revisions"}],"predecessor-version":[{"id":398,"href":"https:\/\/fmhi.de\/wordpress\/wp-json\/wp\/v2\/pages\/290\/revisions\/398"}],"wp:attachment":[{"href":"https:\/\/fmhi.de\/wordpress\/wp-json\/wp\/v2\/media?parent=290"}],"curies":[{"name":"wp","href":"https:\/\/api.w.org\/{rel}","templated":true}]}}