{"id":155,"date":"2021-07-12T20:57:40","date_gmt":"2021-07-12T18:57:40","guid":{"rendered":"http:\/\/fmhi.de\/wordpress\/?page_id=155"},"modified":"2021-11-10T14:35:49","modified_gmt":"2021-11-10T13:35:49","slug":"anfahrt-kontakt","status":"publish","type":"page","link":"https:\/\/fmhi.de\/wordpress\/anfahrt-kontakt\/","title":{"rendered":"Anfahrt"},"content":{"rendered":"\n<p>Sie wurden zu einem G\u00e4stegespr\u00e4ch eingeladen oder m\u00f6chten sich einfach mal das Logenhaus anschauen? Hier finden sie uns.<\/p>\n\n\n<p><iframe src=\"https:\/\/www.google.com\/maps\/embed?pb=!1m18!1m12!1m3!1d2448.3472166489887!2d9.953659415678047!3d52.14619497161648!2m3!1f0!2f0!3f0!3m2!1i1024!2i768!4f13.1!3m3!1m2!1s0x47baafacfd347bb7%3A0xba9452d6fbc86653!2sFreimaurerloge%20Hildesheim!5e0!3m2!1sde!2sde!4v1633535993567!5m2!1sde!2sde\" width=\"800\" height=\"600\" style=\"border:0;\" allowfullscreen=\"\" loading=\"lazy\"><\/iframe><\/p>\n","protected":false},"excerpt":{"rendered":"<p>Sie wurden zu einem G\u00e4stegespr\u00e4ch eingeladen oder m\u00f6chten sich einfach mal das Logenhaus anschauen? Hier finden sie uns.<\/p>\n","protected":false},"author":1,"featured_media":0,"parent":0,"menu_order":0,"comment_status":"closed","ping_status":"closed","template":"","meta":{"footnotes":""},"class_list":["post-155","page","type-page","status-publish","hentry"],"_links":{"self":[{"href":"https:\/\/fmhi.de\/wordpress\/wp-json\/wp\/v2\/pages\/155","targetHints":{"allow":["GET"]}}],"collection":[{"href":"https:\/\/fmhi.de\/wordpress\/wp-json\/wp\/v2\/pages"}],"about":[{"href":"https:\/\/fmhi.de\/wordpress\/wp-json\/wp\/v2\/types\/page"}],"author":[{"embeddable":true,"href":"https:\/\/fmhi.de\/wordpress\/wp-json\/wp\/v2\/users\/1"}],"replies":[{"embeddable":true,"href":"https:\/\/fmhi.de\/wordpress\/wp-json\/wp\/v2\/comments?post=155"}],"version-history":[{"count":11,"href":"https:\/\/fmhi.de\/wordpress\/wp-json\/wp\/v2\/pages\/155\/revisions"}],"predecessor-version":[{"id":250,"href":"https:\/\/fmhi.de\/wordpress\/wp-json\/wp\/v2\/pages\/155\/revisions\/250"}],"wp:attachment":[{"href":"https:\/\/fmhi.de\/wordpress\/wp-json\/wp\/v2\/media?parent=155"}],"curies":[{"name":"wp","href":"https:\/\/api.w.org\/{rel}","templated":true}]}}